{"id":3,"date":"2025-02-06T21:13:58","date_gmt":"2025-02-06T21:13:58","guid":{"rendered":"https:\/\/tennisoneclub.com\/?page_id=3"},"modified":"2025-02-18T14:50:41","modified_gmt":"2025-02-18T12:50:41","slug":"privaatsuspoliitika","status":"publish","type":"page","link":"https:\/\/tennisoneclub.com\/en\/privaatsuspoliitika","title":{"rendered":"Privacy Policy"},"content":{"rendered":"<div data-elementor-type=\"wp-page\" data-elementor-id=\"3\" class=\"elementor elementor-3\" data-elementor-post-type=\"page\">\n\t\t\t\t<div class=\"elementor-element elementor-element-61f7bb0 e-flex e-con-boxed e-con e-parent\" data-id=\"61f7bb0\" data-element_type=\"container\" data-settings=\"{&quot;background_background&quot;:&quot;classic&quot;}\">\n\t\t\t\t\t<div class=\"e-con-inner\">\n\t\t\t\t<div class=\"elementor-element elementor-element-d7d58cc elementor-widget elementor-widget-heading\" data-id=\"d7d58cc\" data-element_type=\"widget\" data-widget_type=\"heading.default\">\n\t\t\t\t\t<h1 class=\"elementor-heading-title elementor-size-default\">Privacy Policy<\/h1>\t\t\t\t<\/div>\n\t\t\t\t\t<\/div>\n\t\t\t\t<\/div>\n\t\t<div class=\"elementor-element elementor-element-bc761e3 e-flex e-con-boxed e-con e-parent\" data-id=\"bc761e3\" data-element_type=\"container\" data-settings=\"{&quot;background_background&quot;:&quot;classic&quot;}\">\n\t\t\t\t\t<div class=\"e-con-inner\">\n\t\t\t\t<div class=\"elementor-element elementor-element-430062c elementor-widget elementor-widget-text-editor\" data-id=\"430062c\" data-element_type=\"widget\" data-widget_type=\"text-editor.default\">\n\t\t\t\t\t\t\t\t\t<h3 class=\"wp-block-heading\"><\/h3>\n<h4 class=\"wp-block-heading\" data-pm-slice=\"1 1 []\"><strong>1. Introduction<\/strong><\/h4>\n<p data-pm-slice=\"1 1 []\">This Cookie Policy explains how our website uses cookies and similar technologies to enhance your browsing experience. By using our website, you agree to our use of cookies as described in this policy.<\/p>\n<h4><strong>2. What Are Cookies?<\/strong><\/h4>\n<p>Cookies are small text files stored on your device when you visit a website. They help us understand how you interact with our website and improve your experience.<\/p>\n<h4><strong>3. Types of Cookies We Use<\/strong><\/h4>\n<ul data-spread=\"false\">\n<li>\n<p><strong>Essential Cookies<\/strong>: Necessary for the website to function properly.<\/p>\n<\/li>\n<li>\n<p><strong>Analytical Cookies<\/strong>: Help us analyze website traffic and improve performance.<\/p>\n<\/li>\n<li>\n<p><strong>Functional Cookies<\/strong>: Enhance functionality and personalization.<\/p>\n<\/li>\n<li>\n<p><strong>Marketing Cookies<\/strong>: Used to deliver relevant advertisements.<\/p>\n<\/li>\n<\/ul>\n<h4><strong>4. Managing Cookies<\/strong><\/h4>\n<p>You can manage or disable cookies through your browser settings. However, disabling certain cookies may affect the functionality of our website.<\/p>\n<h4><strong>5. Changes to This Policy<\/strong><\/h4>\n<p>We may update this policy periodically. Please review this page regularly for any changes.<\/p>\n<h4><strong>6. Contact Us<\/strong><\/h4>\n<p>If you have any questions about our cookie policy, please contact us at <a style=\"font-family: -apple-system, BlinkMacSystemFont, 'Segoe UI', Roboto, 'Helvetica Neue', Arial, 'Noto Sans', sans-serif, 'Apple Color Emoji', 'Segoe UI Emoji', 'Segoe UI Symbol', 'Noto Color Emoji';\" href=\"mailto:kontact@tennisoneclub.com\">kontact@tennisoneclub.com<\/a><span style=\"font-family: -apple-system, BlinkMacSystemFont, 'Segoe UI', Roboto, 'Helvetica Neue', Arial, 'Noto Sans', sans-serif, 'Apple Color Emoji', 'Segoe UI Emoji', 'Segoe UI Symbol', 'Noto Color Emoji';\">.<\/span><\/p>\t\t\t\t\t\t\t\t<\/div>\n\t\t\t\t\t<\/div>\n\t\t\t\t<\/div>\n\t\t\t\t<\/div>","protected":false},"excerpt":{"rendered":"<p>Privaatsuspoliitika 1. Sissejuhatus Need k\u00fcpsiste kasutamise p\u00f5him\u00f5tted selgitavad, kuidas meie veebisait kasutab k\u00fcpsiseid ja sarnaseid tehnoloogiaid, et parandada teie sirvimiskogemust. Meie veebisaiti kasutades n\u00f5ustute k\u00fcpsiste kasutamisega vastavalt nendele p\u00f5him\u00f5tetele. 2. Mis on k\u00fcpsised? K\u00fcpsised on v\u00e4ikesed tekstifailid, mis salvestatakse teie seadmesse, kui k\u00fclastate veebisaiti. Need aitavad meil m\u00f5ista, kuidas te meie veebisaidiga suhtlete, ja parandada [&hellip;]<\/p>","protected":false},"author":1,"featured_media":24,"parent":0,"menu_order":0,"comment_status":"closed","ping_status":"open","template":"","meta":{"footnotes":""},"class_list":["post-3","page","type-page","status-publish","has-post-thumbnail","hentry"],"_links":{"self":[{"href":"https:\/\/tennisoneclub.com\/en\/wp-json\/wp\/v2\/pages\/3","targetHints":{"allow":["GET"]}}],"collection":[{"href":"https:\/\/tennisoneclub.com\/en\/wp-json\/wp\/v2\/pages"}],"about":[{"href":"https:\/\/tennisoneclub.com\/en\/wp-json\/wp\/v2\/types\/page"}],"author":[{"embeddable":true,"href":"https:\/\/tennisoneclub.com\/en\/wp-json\/wp\/v2\/users\/1"}],"replies":[{"embeddable":true,"href":"https:\/\/tennisoneclub.com\/en\/wp-json\/wp\/v2\/comments?post=3"}],"version-history":[{"count":11,"href":"https:\/\/tennisoneclub.com\/en\/wp-json\/wp\/v2\/pages\/3\/revisions"}],"predecessor-version":[{"id":869,"href":"https:\/\/tennisoneclub.com\/en\/wp-json\/wp\/v2\/pages\/3\/revisions\/869"}],"wp:featuredmedia":[{"embeddable":true,"href":"https:\/\/tennisoneclub.com\/en\/wp-json\/wp\/v2\/media\/24"}],"wp:attachment":[{"href":"https:\/\/tennisoneclub.com\/en\/wp-json\/wp\/v2\/media?parent=3"}],"curies":[{"name":"wp","href":"https:\/\/api.w.org\/{rel}","templated":true}]}}