{"id":376,"date":"2025-02-11T15:33:13","date_gmt":"2025-02-11T13:33:13","guid":{"rendered":"https:\/\/tennisoneclub.com\/?page_id=376"},"modified":"2025-02-21T12:06:08","modified_gmt":"2025-02-21T10:06:08","slug":"uritused","status":"publish","type":"page","link":"https:\/\/tennisoneclub.com\/en\/uritused","title":{"rendered":"Events"},"content":{"rendered":"<div data-elementor-type=\"wp-page\" data-elementor-id=\"376\" class=\"elementor elementor-376\" data-elementor-post-type=\"page\">\n\t\t\t\t<div class=\"elementor-element elementor-element-036329c e-flex e-con-boxed e-con e-parent\" data-id=\"036329c\" data-element_type=\"container\" data-settings=\"{&quot;background_background&quot;:&quot;classic&quot;}\">\n\t\t\t\t\t<div class=\"e-con-inner\">\n\t\t\t\t<div class=\"elementor-element elementor-element-651a05e elementor-widget elementor-widget-heading\" data-id=\"651a05e\" data-element_type=\"widget\" data-widget_type=\"heading.default\">\n\t\t\t\t\t<h1 class=\"elementor-heading-title elementor-size-default\">Events<\/h1>\t\t\t\t<\/div>\n\t\t\t\t\t<\/div>\n\t\t\t\t<\/div>\n\t\t<div class=\"elementor-element elementor-element-69b4afb e-flex e-con-boxed e-con e-parent\" data-id=\"69b4afb\" data-element_type=\"container\" data-settings=\"{&quot;background_background&quot;:&quot;classic&quot;}\">\n\t\t\t\t\t<div class=\"e-con-inner\">\n\t\t<div class=\"elementor-element elementor-element-eb1068c e-con-full e-flex e-con e-child\" data-id=\"eb1068c\" data-element_type=\"container\">\n\t\t\t\t<div class=\"elementor-element elementor-element-08811b1 elementor-widget elementor-widget-heading\" data-id=\"08811b1\" data-element_type=\"widget\" data-widget_type=\"heading.default\">\n\t\t\t\t\t<h4 class=\"elementor-heading-title elementor-size-default\">Tennis One's first \"Social Tennis\" event took place on March 29th<\/h4>\t\t\t\t<\/div>\n\t\t\t\t<div class=\"elementor-element elementor-element-381051b elementor-widget elementor-widget-heading\" data-id=\"381051b\" data-element_type=\"widget\" data-widget_type=\"heading.default\">\n\t\t\t\t\t<p class=\"elementor-heading-title elementor-size-default\">A total of 24 players from three different skill levels took part in the event. We played friendly singles and doubles matches and finally all participants had the opportunity to test their tennis knowledge in a quiz.<\/p>\t\t\t\t<\/div>\n\t\t\t\t<div class=\"elementor-element elementor-element-9be55fd tennis-button elementor-widget elementor-widget-button\" data-id=\"9be55fd\" data-element_type=\"widget\" data-widget_type=\"button.default\">\n\t\t\t\t\t\t\t\t\t\t<a class=\"elementor-button elementor-button-link elementor-size-sm\" href=\"https:\/\/drive.google.com\/drive\/folders\/1LaV0EHaHQryjgy8ECrt8guQcEF_cOPXL?usp=sharing\" target=\"_blank\">\n\t\t\t\t\t\t<span class=\"elementor-button-content-wrapper\">\n\t\t\t\t\t\t<span class=\"elementor-button-icon\">\n\t\t\t\t<svg xmlns=\"http:\/\/www.w3.org\/2000\/svg\" class=\"arrow-svg\" width=\"20\" height=\"10\" viewbox=\"0 0 20 10\" fill=\"none\"><path class=\"arrow-head\" d=\"M15 1L19 5M19 5L15 9\" stroke=\"white\" stroke-width=\"2\" stroke-linecap=\"round\" stroke-linejoin=\"round\"><\/path><path class=\"arrow-tail\" d=\"M19 5L1 5\" stroke=\"white\" stroke-width=\"2\" stroke-linecap=\"round\" stroke-linejoin=\"round\"><\/path><\/svg>\t\t\t<\/span>\n\t\t\t\t\t\t\t\t\t<span class=\"elementor-button-text\">View pictures from the event<\/span>\n\t\t\t\t\t<\/span>\n\t\t\t\t\t<\/a>\n\t\t\t\t\t\t\t\t<\/div>\n\t\t\t\t<\/div>\n\t\t<div class=\"elementor-element elementor-element-6c1d486 e-con-full e-flex e-con e-child\" data-id=\"6c1d486\" data-element_type=\"container\">\n\t\t\t\t<div class=\"elementor-element elementor-element-fbc1601 elementor-widget elementor-widget-image\" data-id=\"fbc1601\" data-element_type=\"widget\" data-widget_type=\"image.default\">\n\t\t\t\t\t\t\t\t\t\t\t\t\t\t\t\t<a href=\"https:\/\/drive.google.com\/drive\/folders\/1LaV0EHaHQryjgy8ECrt8guQcEF_cOPXL?usp=sharing\" target=\"_blank\">\n\t\t\t\t\t\t\t<img fetchpriority=\"high\" decoding=\"async\" width=\"2560\" height=\"1707\" src=\"https:\/\/tennisoneclub.com\/wp-content\/uploads\/IMG_6079-1-scaled-1.webp\" class=\"attachment-full size-full wp-image-607\" alt=\"\" srcset=\"https:\/\/tennisoneclub.com\/wp-content\/uploads\/IMG_6079-1-scaled-1.webp 2560w, https:\/\/tennisoneclub.com\/wp-content\/uploads\/IMG_6079-1-scaled-1-300x200.webp 300w, https:\/\/tennisoneclub.com\/wp-content\/uploads\/IMG_6079-1-scaled-1-1024x683.webp 1024w, https:\/\/tennisoneclub.com\/wp-content\/uploads\/IMG_6079-1-scaled-1-768x512.webp 768w, https:\/\/tennisoneclub.com\/wp-content\/uploads\/IMG_6079-1-scaled-1-1536x1024.webp 1536w, https:\/\/tennisoneclub.com\/wp-content\/uploads\/IMG_6079-1-scaled-1-2048x1366.webp 2048w, https:\/\/tennisoneclub.com\/wp-content\/uploads\/IMG_6079-1-scaled-1-18x12.webp 18w\" sizes=\"(max-width: 2560px) 100vw, 2560px\" \/>\t\t\t\t\t\t\t\t<\/a>\n\t\t\t\t\t\t\t\t\t\t\t\t\t\t\t<\/div>\n\t\t\t\t<\/div>\n\t\t\t\t\t<\/div>\n\t\t\t\t<\/div>\n\t\t\t\t<\/div>","protected":false},"excerpt":{"rendered":"<p>\u00dcritused Tennis One\u2019i esimene \u201cSeltskonnatennise\u201d \u00fcritus toimus 29. m\u00e4rtsil Kokku osales \u00fcritusel 24 m\u00e4ngijat kolmest erinevast oskustasemest. M\u00e4ngisime s\u00f5bralikke \u00fcksik- ja paarism\u00e4nge ning l\u00f5puks oli k\u00f5igil osalejatel v\u00f5imalus oma tenniseteadmisi testida viktoriinis. Vaatan pilte \u00fcritusest<\/p>","protected":false},"author":1,"featured_media":24,"parent":0,"menu_order":0,"comment_status":"closed","ping_status":"closed","template":"","meta":{"footnotes":""},"class_list":["post-376","page","type-page","status-publish","has-post-thumbnail","hentry"],"_links":{"self":[{"href":"https:\/\/tennisoneclub.com\/en\/wp-json\/wp\/v2\/pages\/376","targetHints":{"allow":["GET"]}}],"collection":[{"href":"https:\/\/tennisoneclub.com\/en\/wp-json\/wp\/v2\/pages"}],"about":[{"href":"https:\/\/tennisoneclub.com\/en\/wp-json\/wp\/v2\/types\/page"}],"author":[{"embeddable":true,"href":"https:\/\/tennisoneclub.com\/en\/wp-json\/wp\/v2\/users\/1"}],"replies":[{"embeddable":true,"href":"https:\/\/tennisoneclub.com\/en\/wp-json\/wp\/v2\/comments?post=376"}],"version-history":[{"count":28,"href":"https:\/\/tennisoneclub.com\/en\/wp-json\/wp\/v2\/pages\/376\/revisions"}],"predecessor-version":[{"id":1084,"href":"https:\/\/tennisoneclub.com\/en\/wp-json\/wp\/v2\/pages\/376\/revisions\/1084"}],"wp:featuredmedia":[{"embeddable":true,"href":"https:\/\/tennisoneclub.com\/en\/wp-json\/wp\/v2\/media\/24"}],"wp:attachment":[{"href":"https:\/\/tennisoneclub.com\/en\/wp-json\/wp\/v2\/media?parent=376"}],"curies":[{"name":"wp","href":"https:\/\/api.w.org\/{rel}","templated":true}]}}