{"id":392,"date":"2025-02-11T15:38:45","date_gmt":"2025-02-11T13:38:45","guid":{"rendered":"https:\/\/tennisoneclub.com\/?page_id=392"},"modified":"2025-02-18T17:01:57","modified_gmt":"2025-02-18T15:01:57","slug":"privaaturitused","status":"publish","type":"page","link":"https:\/\/tennisoneclub.com\/en\/privaaturitused","title":{"rendered":"Business and private events"},"content":{"rendered":"<div data-elementor-type=\"wp-page\" data-elementor-id=\"392\" class=\"elementor elementor-392\" data-elementor-post-type=\"page\">\n\t\t\t\t<div class=\"elementor-element elementor-element-7060389 e-flex e-con-boxed e-con e-parent\" data-id=\"7060389\" data-element_type=\"container\" data-settings=\"{&quot;background_background&quot;:&quot;classic&quot;}\">\n\t\t\t\t\t<div class=\"e-con-inner\">\n\t\t\t\t<div class=\"elementor-element elementor-element-b3d2391 elementor-widget elementor-widget-heading\" data-id=\"b3d2391\" data-element_type=\"widget\" data-widget_type=\"heading.default\">\n\t\t\t\t\t<h1 class=\"elementor-heading-title elementor-size-default\">Business and private events<\/h1>\t\t\t\t<\/div>\n\t\t\t\t\t<\/div>\n\t\t\t\t<\/div>\n\t\t<div class=\"elementor-element elementor-element-a7d4c3a e-flex e-con-boxed e-con e-parent\" data-id=\"a7d4c3a\" data-element_type=\"container\" data-settings=\"{&quot;background_background&quot;:&quot;classic&quot;}\">\n\t\t\t\t\t<div class=\"e-con-inner\">\n\t\t\t\t<div class=\"elementor-element elementor-element-f5955e7 elementor-widget elementor-widget-heading\" data-id=\"f5955e7\" data-element_type=\"widget\" data-widget_type=\"heading.default\">\n\t\t\t\t\t<p class=\"elementor-heading-title elementor-size-default\">Tennis One offers tailored business and private events designed to meet the unique needs and preferences of corporate clients and groups looking for a dynamic and engaging tennis experience.<\/p>\t\t\t\t<\/div>\n\t\t\t\t<div class=\"elementor-element elementor-element-12b0f16 elementor-widget elementor-widget-heading\" data-id=\"12b0f16\" data-element_type=\"widget\" data-widget_type=\"heading.default\">\n\t\t\t\t\t<p class=\"elementor-heading-title elementor-size-default\">If you are interested, please send us an email to <a href=\"mailto:kontakt@tennisoneclub.com\">kontakt@tennisoneclub.com<\/a> or write us directly.<\/p>\t\t\t\t<\/div>\n\t\t\t\t<div class=\"elementor-element elementor-element-3d5afb6 tennis-button elementor-widget elementor-widget-button\" data-id=\"3d5afb6\" data-element_type=\"widget\" data-widget_type=\"button.default\">\n\t\t\t\t\t\t\t\t\t\t<a class=\"elementor-button elementor-button-link elementor-size-sm\" href=\"https:\/\/tennisoneclub.com\/en\/kontakt\/\">\n\t\t\t\t\t\t<span class=\"elementor-button-content-wrapper\">\n\t\t\t\t\t\t<span class=\"elementor-button-icon\">\n\t\t\t\t<svg xmlns=\"http:\/\/www.w3.org\/2000\/svg\" class=\"arrow-svg\" width=\"20\" height=\"10\" viewbox=\"0 0 20 10\" fill=\"none\"><path class=\"arrow-head\" d=\"M15 1L19 5M19 5L15 9\" stroke=\"white\" stroke-width=\"2\" stroke-linecap=\"round\" stroke-linejoin=\"round\"><\/path><path class=\"arrow-tail\" d=\"M19 5L1 5\" stroke=\"white\" stroke-width=\"2\" stroke-linecap=\"round\" stroke-linejoin=\"round\"><\/path><\/svg>\t\t\t<\/span>\n\t\t\t\t\t\t\t\t\t<span class=\"elementor-button-text\">Send us a message<\/span>\n\t\t\t\t\t<\/span>\n\t\t\t\t\t<\/a>\n\t\t\t\t\t\t\t\t<\/div>\n\t\t\t\t<div class=\"elementor-element elementor-element-6705b86 elementor-widget elementor-widget-image\" data-id=\"6705b86\" data-element_type=\"widget\" data-widget_type=\"image.default\">\n\t\t\t\t\t\t\t\t\t\t\t\t\t\t\t<img fetchpriority=\"high\" decoding=\"async\" width=\"1563\" height=\"471\" src=\"https:\/\/tennisoneclub.com\/wp-content\/uploads\/business-events.webp\" class=\"attachment-full size-full wp-image-638\" alt=\"\" srcset=\"https:\/\/tennisoneclub.com\/wp-content\/uploads\/business-events.webp 1563w, https:\/\/tennisoneclub.com\/wp-content\/uploads\/business-events-300x90.webp 300w, https:\/\/tennisoneclub.com\/wp-content\/uploads\/business-events-1024x309.webp 1024w, https:\/\/tennisoneclub.com\/wp-content\/uploads\/business-events-768x231.webp 768w, https:\/\/tennisoneclub.com\/wp-content\/uploads\/business-events-1536x463.webp 1536w, https:\/\/tennisoneclub.com\/wp-content\/uploads\/business-events-18x5.webp 18w\" sizes=\"(max-width: 1563px) 100vw, 1563px\" \/>\t\t\t\t\t\t\t\t\t\t\t\t\t\t\t<\/div>\n\t\t<div class=\"elementor-element elementor-element-431f4e0 e-con-full e-flex e-con e-child\" data-id=\"431f4e0\" data-element_type=\"container\">\n\t\t<div class=\"elementor-element elementor-element-e6ca3d1 e-con-full e-flex e-con e-child\" data-id=\"e6ca3d1\" data-element_type=\"container\">\n\t\t\t\t<div class=\"elementor-element elementor-element-3956d39 elementor-widget__width-initial elementor-widget elementor-widget-heading\" data-id=\"3956d39\" data-element_type=\"widget\" data-widget_type=\"heading.default\">\n\t\t\t\t\t<h4 class=\"elementor-heading-title elementor-size-default\">1<\/h4>\t\t\t\t<\/div>\n\t\t\t\t<div class=\"elementor-element elementor-element-317ee62 elementor-widget elementor-widget-heading\" data-id=\"317ee62\" data-element_type=\"widget\" data-widget_type=\"heading.default\">\n\t\t\t\t\t<h6 class=\"elementor-heading-title elementor-size-default\">Customized event planning<\/h6>\t\t\t\t<\/div>\n\t\t\t\t<div class=\"elementor-element elementor-element-9f077af elementor-widget elementor-widget-heading\" data-id=\"9f077af\" data-element_type=\"widget\" data-widget_type=\"heading.default\">\n\t\t\t\t\t<p class=\"elementor-heading-title elementor-size-default\">Tennis One works closely with corporate clients and event organisers to create tailored event plans that meet your specific requirements, objectives and budget. Whether it's a team-building activity, client entertainment event, corporate outing, or promotional function, we work with clients to design a memorable and impactful tennis experience that aligns with your goals and vision.<\/p>\t\t\t\t<\/div>\n\t\t\t\t<\/div>\n\t\t<div class=\"elementor-element elementor-element-d4559a2 e-con-full e-flex e-con e-child\" data-id=\"d4559a2\" data-element_type=\"container\">\n\t\t\t\t<div class=\"elementor-element elementor-element-e107fca elementor-widget__width-initial elementor-widget elementor-widget-heading\" data-id=\"e107fca\" data-element_type=\"widget\" data-widget_type=\"heading.default\">\n\t\t\t\t\t<h4 class=\"elementor-heading-title elementor-size-default\">2<\/h4>\t\t\t\t<\/div>\n\t\t\t\t<div class=\"elementor-element elementor-element-b3c1550 elementor-widget elementor-widget-heading\" data-id=\"b3c1550\" data-element_type=\"widget\" data-widget_type=\"heading.default\">\n\t\t\t\t\t<h6 class=\"elementor-heading-title elementor-size-default\">Organisation of professional events<\/h6>\t\t\t\t<\/div>\n\t\t\t\t<div class=\"elementor-element elementor-element-52bf680 elementor-widget elementor-widget-heading\" data-id=\"52bf680\" data-element_type=\"widget\" data-widget_type=\"heading.default\">\n\t\t\t\t\t<p class=\"elementor-heading-title elementor-size-default\">Our experienced event management team oversees every aspect of event planning and execution, ensuring smooth coordination and flawless execution from start to finish. From site selection and logistics management to scheduling, staffing and on-site supervision, we manage all the details to ensure a successful and stress-free experience for our clients.<\/p>\t\t\t\t<\/div>\n\t\t\t\t<\/div>\n\t\t<div class=\"elementor-element elementor-element-64161b6 e-con-full e-flex e-con e-child\" data-id=\"64161b6\" data-element_type=\"container\">\n\t\t\t\t<div class=\"elementor-element elementor-element-45780b4 elementor-widget__width-initial elementor-widget elementor-widget-heading\" data-id=\"45780b4\" data-element_type=\"widget\" data-widget_type=\"heading.default\">\n\t\t\t\t\t<h4 class=\"elementor-heading-title elementor-size-default\">3<\/h4>\t\t\t\t<\/div>\n\t\t\t\t<div class=\"elementor-element elementor-element-faf81bb elementor-widget elementor-widget-heading\" data-id=\"faf81bb\" data-element_type=\"widget\" data-widget_type=\"heading.default\">\n\t\t\t\t\t<h6 class=\"elementor-heading-title elementor-size-default\">Quality tennis training and coaching<\/h6>\t\t\t\t<\/div>\n\t\t\t\t<div class=\"elementor-element elementor-element-0cb73f6 elementor-widget elementor-widget-heading\" data-id=\"0cb73f6\" data-element_type=\"widget\" data-widget_type=\"heading.default\">\n\t\t\t\t\t<p class=\"elementor-heading-title elementor-size-default\">Tennis One's customized business and private events include the services of experienced coaches and instructors who have worked with players of all skill levels and abilities. Whether participants are experienced players or complete beginners, our coaches offer personalised coaching, advice and guidance to help them improve their game, increase confidence and have a great time on court.<\/p>\t\t\t\t<\/div>\n\t\t\t\t<\/div>\n\t\t<div class=\"elementor-element elementor-element-2ed51d9 e-con-full e-flex e-con e-child\" data-id=\"2ed51d9\" data-element_type=\"container\">\n\t\t\t\t<div class=\"elementor-element elementor-element-c09d3a0 elementor-widget__width-initial elementor-widget elementor-widget-heading\" data-id=\"c09d3a0\" data-element_type=\"widget\" data-widget_type=\"heading.default\">\n\t\t\t\t\t<h4 class=\"elementor-heading-title elementor-size-default\">4<\/h4>\t\t\t\t<\/div>\n\t\t\t\t<div class=\"elementor-element elementor-element-b34380b elementor-widget elementor-widget-heading\" data-id=\"b34380b\" data-element_type=\"widget\" data-widget_type=\"heading.default\">\n\t\t\t\t\t<h6 class=\"elementor-heading-title elementor-size-default\">Interactive tennis activities<\/h6>\t\t\t\t<\/div>\n\t\t\t\t<div class=\"elementor-element elementor-element-19fc14d elementor-widget elementor-widget-heading\" data-id=\"19fc14d\" data-element_type=\"widget\" data-widget_type=\"heading.default\">\n\t\t\t\t\t<p class=\"elementor-heading-title elementor-size-default\">Tennis One offers a variety of interactive tennis activities and games designed to engage participants and promote teamwork, communication and camaraderie. From friendly round-robin tournaments and doubles matches to skill-building exercises and challenges, we offer a variety of activities to suit each group according to your preferences and goals. In addition, Tennis One collaborates with the best locations and tennis centre partners to provide clients with access to first-class tennis courts, amenities and hospitality services. Whether it's a private tennis club, resort or corporate event space, we ensure that attendees have access to first-class facilities and amenities to enhance their event experience.\n\n<\/p>\t\t\t\t<\/div>\n\t\t\t\t<\/div>\n\t\t<div class=\"elementor-element elementor-element-08793eb e-con-full e-flex e-con e-child\" data-id=\"08793eb\" data-element_type=\"container\">\n\t\t\t\t<div class=\"elementor-element elementor-element-305f73a elementor-widget__width-initial elementor-widget elementor-widget-heading\" data-id=\"305f73a\" data-element_type=\"widget\" data-widget_type=\"heading.default\">\n\t\t\t\t\t<h4 class=\"elementor-heading-title elementor-size-default\">5<\/h4>\t\t\t\t<\/div>\n\t\t\t\t<div class=\"elementor-element elementor-element-de27efd elementor-widget elementor-widget-heading\" data-id=\"de27efd\" data-element_type=\"widget\" data-widget_type=\"heading.default\">\n\t\t\t\t\t<h6 class=\"elementor-heading-title elementor-size-default\">Customised branding opportunities<\/h6>\t\t\t\t<\/div>\n\t\t\t\t<div class=\"elementor-element elementor-element-a66cb69 elementor-widget elementor-widget-heading\" data-id=\"a66cb69\" data-element_type=\"widget\" data-widget_type=\"heading.default\">\n\t\t\t\t\t<p class=\"elementor-heading-title elementor-size-default\">Tennis One offers customised branding opportunities for corporate clients looking to showcase their brand or promote their products and services. From branded billboards and merchandise to sponsored activities and giveaways, we work with you to incorporate your brand into the event experience tastefully and effectively.\n\n<\/p>\t\t\t\t<\/div>\n\t\t\t\t<\/div>\n\t\t<div class=\"elementor-element elementor-element-9808539 e-con-full e-flex e-con e-child\" data-id=\"9808539\" data-element_type=\"container\">\n\t\t\t\t<div class=\"elementor-element elementor-element-87c637d elementor-widget__width-initial elementor-widget elementor-widget-heading\" data-id=\"87c637d\" data-element_type=\"widget\" data-widget_type=\"heading.default\">\n\t\t\t\t\t<h4 class=\"elementor-heading-title elementor-size-default\">6<\/h4>\t\t\t\t<\/div>\n\t\t\t\t<div class=\"elementor-element elementor-element-270a527 elementor-widget elementor-widget-heading\" data-id=\"270a527\" data-element_type=\"widget\" data-widget_type=\"heading.default\">\n\t\t\t\t\t<h6 class=\"elementor-heading-title elementor-size-default\">Flexible scheduling and booking options<\/h6>\t\t\t\t<\/div>\n\t\t\t\t<div class=\"elementor-element elementor-element-1c537b7 elementor-widget elementor-widget-heading\" data-id=\"1c537b7\" data-element_type=\"widget\" data-widget_type=\"heading.default\">\n\t\t\t\t\t<p class=\"elementor-heading-title elementor-size-default\">We offer flexible scheduling and booking options to meet customer needs and preferences. Whether it's a half-day event, a full-day outing, or a multi-day conference, we can tailor the event schedule to fit your schedule and budget.<\/p>\t\t\t\t<\/div>\n\t\t\t\t<\/div>\n\t\t\t\t<\/div>\n\t\t\t\t\t<\/div>\n\t\t\t\t<\/div>\n\t\t<div class=\"elementor-element elementor-element-f34e000 e-flex e-con-boxed e-con e-parent\" data-id=\"f34e000\" data-element_type=\"container\" data-settings=\"{&quot;background_background&quot;:&quot;classic&quot;}\">\n\t\t\t\t\t<div class=\"e-con-inner\">\n\t\t\t\t<div class=\"elementor-element elementor-element-98f3c51 elementor-widget elementor-widget-heading\" data-id=\"98f3c51\" data-element_type=\"widget\" data-widget_type=\"heading.default\">\n\t\t\t\t\t<h2 class=\"elementor-heading-title elementor-size-default\">Interested?<\/h2>\t\t\t\t<\/div>\n\t\t\t\t<div class=\"elementor-element elementor-element-e51f3d1 elementor-widget elementor-widget-heading\" data-id=\"e51f3d1\" data-element_type=\"widget\" data-widget_type=\"heading.default\">\n\t\t\t\t\t<p class=\"elementor-heading-title elementor-size-default\">Drop us a message and lets create something memorable for you.<\/p>\t\t\t\t<\/div>\n\t\t\t\t<div class=\"elementor-element elementor-element-943293d elementor-align-center tennis-button elementor-widget elementor-widget-button\" data-id=\"943293d\" data-element_type=\"widget\" data-widget_type=\"button.default\">\n\t\t\t\t\t\t\t\t\t\t<a class=\"elementor-button elementor-button-link elementor-size-sm\" href=\"https:\/\/tennisoneclub.com\/en\/kontakt\/\">\n\t\t\t\t\t\t<span class=\"elementor-button-content-wrapper\">\n\t\t\t\t\t\t<span class=\"elementor-button-icon\">\n\t\t\t\t<svg xmlns=\"http:\/\/www.w3.org\/2000\/svg\" class=\"arrow-svg\" width=\"20\" height=\"10\" viewbox=\"0 0 20 10\" fill=\"none\"><path class=\"arrow-head\" d=\"M15 1L19 5M19 5L15 9\" stroke=\"white\" stroke-width=\"2\" stroke-linecap=\"round\" stroke-linejoin=\"round\"><\/path><path class=\"arrow-tail\" d=\"M19 5L1 5\" stroke=\"white\" stroke-width=\"2\" stroke-linecap=\"round\" stroke-linejoin=\"round\"><\/path><\/svg>\t\t\t<\/span>\n\t\t\t\t\t\t\t\t\t<span class=\"elementor-button-text\">Contact us<\/span>\n\t\t\t\t\t<\/span>\n\t\t\t\t\t<\/a>\n\t\t\t\t\t\t\t\t<\/div>\n\t\t\t\t\t<\/div>\n\t\t\t\t<\/div>\n\t\t\t\t<\/div>","protected":false},"excerpt":{"rendered":"<p>\u00c4ri \u2013 ja privaat\u00fcritused Tennis One pakub kohandatud \u00e4ri- ja privaat\u00fcritusi, mis on loodud vastama ettev\u00f5tete klientide ja gruppide ainulaadsetele vajadustele ning eelistustele, kes otsivad d\u00fcnaamilist ja kaasahaaravat tennisekogemust. Huvi korral saada meile email kontakt@tennisoneclub.com v\u00f5i kirjuta meile otse. Saada meile s\u00f5num 1 Kohandatud \u00fcrituste planeerimine Tennis One t\u00f6\u00f6tab ettev\u00f5tte klientide ja s\u00fcndmuste korraldajatega tihedalt [&hellip;]<\/p>","protected":false},"author":1,"featured_media":24,"parent":0,"menu_order":0,"comment_status":"closed","ping_status":"closed","template":"","meta":{"footnotes":""},"class_list":["post-392","page","type-page","status-publish","has-post-thumbnail","hentry"],"_links":{"self":[{"href":"https:\/\/tennisoneclub.com\/en\/wp-json\/wp\/v2\/pages\/392","targetHints":{"allow":["GET"]}}],"collection":[{"href":"https:\/\/tennisoneclub.com\/en\/wp-json\/wp\/v2\/pages"}],"about":[{"href":"https:\/\/tennisoneclub.com\/en\/wp-json\/wp\/v2\/types\/page"}],"author":[{"embeddable":true,"href":"https:\/\/tennisoneclub.com\/en\/wp-json\/wp\/v2\/users\/1"}],"replies":[{"embeddable":true,"href":"https:\/\/tennisoneclub.com\/en\/wp-json\/wp\/v2\/comments?post=392"}],"version-history":[{"count":31,"href":"https:\/\/tennisoneclub.com\/en\/wp-json\/wp\/v2\/pages\/392\/revisions"}],"predecessor-version":[{"id":997,"href":"https:\/\/tennisoneclub.com\/en\/wp-json\/wp\/v2\/pages\/392\/revisions\/997"}],"wp:featuredmedia":[{"embeddable":true,"href":"https:\/\/tennisoneclub.com\/en\/wp-json\/wp\/v2\/media\/24"}],"wp:attachment":[{"href":"https:\/\/tennisoneclub.com\/en\/wp-json\/wp\/v2\/media?parent=392"}],"curies":[{"name":"wp","href":"https:\/\/api.w.org\/{rel}","templated":true}]}}