{"id":62,"date":"2025-02-07T02:10:49","date_gmt":"2025-02-07T00:10:49","guid":{"rendered":"https:\/\/tennisoneclub.com\/?page_id=62"},"modified":"2025-02-18T15:10:48","modified_gmt":"2025-02-18T13:10:48","slug":"tasemed","status":"publish","type":"page","link":"https:\/\/tennisoneclub.com\/en\/tasemed","title":{"rendered":"Levels"},"content":{"rendered":"<div data-elementor-type=\"wp-page\" data-elementor-id=\"62\" class=\"elementor elementor-62\" data-elementor-post-type=\"page\">\n\t\t\t\t<div class=\"elementor-element elementor-element-75e729e e-flex e-con-boxed e-con e-parent\" data-id=\"75e729e\" data-element_type=\"container\" data-settings=\"{&quot;background_background&quot;:&quot;classic&quot;}\">\n\t\t\t\t\t<div class=\"e-con-inner\">\n\t\t\t\t<div class=\"elementor-element elementor-element-5ec28ce elementor-widget elementor-widget-heading\" data-id=\"5ec28ce\" data-element_type=\"widget\" data-widget_type=\"heading.default\">\n\t\t\t\t\t<h1 class=\"elementor-heading-title elementor-size-default\">Levels<\/h1>\t\t\t\t<\/div>\n\t\t\t\t\t<\/div>\n\t\t\t\t<\/div>\n\t\t<div class=\"elementor-element elementor-element-ec25237 e-flex e-con-boxed e-con e-parent\" data-id=\"ec25237\" data-element_type=\"container\" data-settings=\"{&quot;background_background&quot;:&quot;classic&quot;}\">\n\t\t\t\t\t<div class=\"e-con-inner\">\n\t\t\t\t<div class=\"elementor-element elementor-element-2024db7 elementor-widget elementor-widget-heading\" data-id=\"2024db7\" data-element_type=\"widget\" data-widget_type=\"heading.default\">\n\t\t\t\t\t<h3 class=\"elementor-heading-title elementor-size-default\">Tennis One members experience levels<\/h3>\t\t\t\t<\/div>\n\t\t\t\t<div class=\"elementor-element elementor-element-cab30c5 elementor-widget elementor-widget-shortcode\" data-id=\"cab30c5\" data-element_type=\"widget\" data-widget_type=\"shortcode.default\">\n\t\t\t\t\t\t\t<div class=\"elementor-shortcode\">\n<div class=\"wpdt-c row wpDataTableContainerSimpleTable wpDataTables wpDataTablesWrapper wdtscroll\"\n    >\n        <table id=\"wpdtSimpleTable-2\"\n           style=\"border-collapse:collapse;                   border-spacing:0px;\"\n           class=\"wpdtSimpleTable wpDataTable\"\n           data-column=\"3\"\n           data-rows=\"12\"\n           data-wpid=\"2\"\n           data-responsive=\"0\"\n           data-has-header=\"1\">\n\n                    <thead>        <tr class=\"wpdt-cell-row  remove-borders\" >\n                                <th class=\"wpdt-cell wpdt-bold wpdt-align-left remove-borders\"\n                                            data-cell-id=\"A1\"\n                    data-col-index=\"0\"\n                    data-row-index=\"0\"\n                    style=\" width:152px;                    padding:16px;                    \"\n                    >\n                                        LEVEL                    <\/th>\n                                                <th class=\"wpdt-cell wpdt-bold wpdt-align-left remove-borders\"\n                                            data-cell-id=\"B1\"\n                    data-col-index=\"1\"\n                    data-row-index=\"0\"\n                    style=\" width:314px;                    padding:16px;                    \"\n                    >\n                                        CATEGORY                    <\/th>\n                                                <th class=\"wpdt-cell wpdt-bold wpdt-align-left remove-borders\"\n                                            data-cell-id=\"C1\"\n                    data-col-index=\"2\"\n                    data-row-index=\"0\"\n                    style=\" width:752px;                    padding:16px;                    \"\n                    >\n                                        DESCRIPTION                    <\/th>\n                                        <\/tr>\n                    <tbody>        <tr class=\"wpdt-cell-row  remove-borders\" >\n                                <td class=\"wpdt-cell wpdt-align-left remove-borders\"\n                                            data-cell-id=\"A2\"\n                    data-col-index=\"0\"\n                    data-row-index=\"1\"\n                    style=\"                    padding:16px;                    \"\n                    >\n                                        A0                    <\/td>\n                                                <td class=\"wpdt-cell wpdt-align-left remove-borders\"\n                                            data-cell-id=\"B2\"\n                    data-col-index=\"1\"\n                    data-row-index=\"1\"\n                    style=\"                    padding:16px;                    \"\n                    >\n                                        Soft ball, within the service box                    <\/td>\n                                                <td class=\"wpdt-cell wpdt-align-left remove-borders\"\n                                            data-cell-id=\"C2\"\n                    data-col-index=\"2\"\n                    data-row-index=\"1\"\n                    style=\"                    padding:16px;                    \"\n                    >\n                                        Complete beginner with no previous tennis experience. Learning basic strokes and how to keep the ball in play using a soft ball and a smaller court.                    <\/td>\n                                        <\/tr>\n                            <tr class=\"wpdt-cell-row  remove-borders\" >\n                                <td class=\"wpdt-cell wpdt-align-left remove-borders\"\n                                            data-cell-id=\"A3\"\n                    data-col-index=\"0\"\n                    data-row-index=\"2\"\n                    style=\"                    padding:16px;                    \"\n                    >\n                                        A1                    <\/td>\n                                                <td class=\"wpdt-cell wpdt-align-left remove-borders\"\n                                            data-cell-id=\"B3\"\n                    data-col-index=\"1\"\n                    data-row-index=\"2\"\n                    style=\"                    padding:16px;                    \"\n                    >\n                                        Soft or red ball, within service box boundaries                    <\/td>\n                                                <td class=\"wpdt-cell wpdt-align-left remove-borders\"\n                                            data-cell-id=\"C3\"\n                    data-col-index=\"2\"\n                    data-row-index=\"2\"\n                    style=\"                    padding:16px;                    \"\n                    >\n                                        Beginner learning how to serve, move on court, and keep score. Can hit a few shots in a row and practices rallying cooperatively using a soft or red ball.                    <\/td>\n                                        <\/tr>\n                            <tr class=\"wpdt-cell-row  remove-borders\" >\n                                <td class=\"wpdt-cell wpdt-align-left remove-borders\"\n                                            data-cell-id=\"A4\"\n                    data-col-index=\"0\"\n                    data-row-index=\"3\"\n                    style=\"                    padding:16px;                    \"\n                    >\n                                        A2                    <\/td>\n                                                <td class=\"wpdt-cell wpdt-align-left remove-borders\"\n                                            data-cell-id=\"B4\"\n                    data-col-index=\"1\"\n                    data-row-index=\"3\"\n                    style=\"                    padding:16px;                    \"\n                    >\n                                        Orange ball, within the orange court boundaries                    <\/td>\n                                                <td class=\"wpdt-cell wpdt-align-left remove-borders\"\n                                            data-cell-id=\"C4\"\n                    data-col-index=\"2\"\n                    data-row-index=\"3\"\n                    style=\"                    padding:16px;                    \"\n                    >\n                                        Can play slow-paced points on the orange court. Developing ball direction and movement, and learning basic singles and doubles positions.                    <\/td>\n                                        <\/tr>\n                            <tr class=\"wpdt-cell-row  remove-borders\" >\n                                <td class=\"wpdt-cell wpdt-align-left remove-borders\"\n                                            data-cell-id=\"A5\"\n                    data-col-index=\"0\"\n                    data-row-index=\"4\"\n                    style=\"                    padding:16px;                    \"\n                    >\n                                        A3                    <\/td>\n                                                <td class=\"wpdt-cell wpdt-align-left remove-borders\"\n                                            data-cell-id=\"B5\"\n                    data-col-index=\"1\"\n                    data-row-index=\"4\"\n                    style=\"                    padding:16px;                    \"\n                    >\n                                        Green or regular ball, full court boundaries                    <\/td>\n                                                <td class=\"wpdt-cell wpdt-align-left remove-borders\"\n                                            data-cell-id=\"C5\"\n                    data-col-index=\"2\"\n                    data-row-index=\"4\"\n                    style=\"                    padding:16px;                    \"\n                    >\n                                        Can rally at a slow pace using a green or regular ball. Developing technique and control. Ready for friendly social matches on a full court.                    <\/td>\n                                        <\/tr>\n                            <tr class=\"wpdt-cell-row  remove-borders\" >\n                                <td class=\"wpdt-cell wpdt-align-left remove-borders\"\n                                            data-cell-id=\"A6\"\n                    data-col-index=\"0\"\n                    data-row-index=\"5\"\n                    style=\"                    padding:16px;                    \"\n                    >\n                                        B1                    <\/td>\n                                                <td class=\"wpdt-cell wpdt-align-left remove-borders\"\n                                            data-cell-id=\"B6\"\n                    data-col-index=\"1\"\n                    data-row-index=\"5\"\n                    style=\"                    padding:16px;                    \"\n                    >\n                                        Regular ball, full court                    <\/td>\n                                                <td class=\"wpdt-cell wpdt-align-left remove-borders\"\n                                            data-cell-id=\"C6\"\n                    data-col-index=\"2\"\n                    data-row-index=\"5\"\n                    style=\"                    padding:16px;                    \"\n                    >\n                                        Can rally from the baseline with moderate consistency. Learning topspin and basic tactics. Movement and court positioning still need improvement.                    <\/td>\n                                        <\/tr>\n                            <tr class=\"wpdt-cell-row  remove-borders\" >\n                                <td class=\"wpdt-cell wpdt-align-left remove-borders\"\n                                            data-cell-id=\"A7\"\n                    data-col-index=\"0\"\n                    data-row-index=\"6\"\n                    style=\"                    padding:16px;                    \"\n                    >\n                                        B2                    <\/td>\n                                                <td class=\"wpdt-cell wpdt-align-left remove-borders\"\n                                            data-cell-id=\"B7\"\n                    data-col-index=\"1\"\n                    data-row-index=\"6\"\n                    style=\"                    padding:16px;                    \"\n                    >\n                                        Regular ball, full court                    <\/td>\n                                                <td class=\"wpdt-cell wpdt-align-left remove-borders\"\n                                            data-cell-id=\"C7\"\n                    data-col-index=\"2\"\n                    data-row-index=\"6\"\n                    style=\"                    padding:16px;                    \"\n                    >\n                                        More stable rally consistency from the baseline. Starting to direct shots and vary pace. Developing both first and second serves.                    <\/td>\n                                        <\/tr>\n                            <tr class=\"wpdt-cell-row  remove-borders\" >\n                                <td class=\"wpdt-cell wpdt-align-left remove-borders\"\n                                            data-cell-id=\"A8\"\n                    data-col-index=\"0\"\n                    data-row-index=\"7\"\n                    style=\"                    padding:16px;                    \"\n                    >\n                                        B3                    <\/td>\n                                                <td class=\"wpdt-cell wpdt-align-left remove-borders\"\n                                            data-cell-id=\"B8\"\n                    data-col-index=\"1\"\n                    data-row-index=\"7\"\n                    style=\"                    padding:16px;                    \"\n                    >\n                                        Regular ball, full court                    <\/td>\n                                                <td class=\"wpdt-cell wpdt-align-left remove-borders\"\n                                            data-cell-id=\"C8\"\n                    data-col-index=\"2\"\n                    data-row-index=\"7\"\n                    style=\"                    padding:16px;                    \"\n                    >\n                                        Can sustain longer rallies, controls shot direction and depth. Has a simple game plan and is learning how to apply tactics.                    <\/td>\n                                        <\/tr>\n                            <tr class=\"wpdt-cell-row  remove-borders\" >\n                                <td class=\"wpdt-cell wpdt-align-left remove-borders\"\n                                            data-cell-id=\"A9\"\n                    data-col-index=\"0\"\n                    data-row-index=\"8\"\n                    style=\"                    padding:16px;                    \"\n                    >\n                                        C1                    <\/td>\n                                                <td class=\"wpdt-cell wpdt-align-left remove-borders\"\n                                            data-cell-id=\"B9\"\n                    data-col-index=\"1\"\n                    data-row-index=\"8\"\n                    style=\"                    padding:16px;                    \"\n                    >\n                                        Regular ball, full court                    <\/td>\n                                                <td class=\"wpdt-cell wpdt-align-left remove-borders\"\n                                            data-cell-id=\"C9\"\n                    data-col-index=\"2\"\n                    data-row-index=\"8\"\n                    style=\"                    padding:16px;                    \"\n                    >\n                                        Reliable baseline game with good depth and direction. Uses a game plan but may break down under pressure. Net play is limited. (~4th league level)                    <\/td>\n                                        <\/tr>\n                            <tr class=\"wpdt-cell-row  remove-borders\" >\n                                <td class=\"wpdt-cell wpdt-align-left remove-borders\"\n                                            data-cell-id=\"A10\"\n                    data-col-index=\"0\"\n                    data-row-index=\"9\"\n                    style=\"                    padding:16px;                    \"\n                    >\n                                        C2                    <\/td>\n                                                <td class=\"wpdt-cell wpdt-align-left remove-borders\"\n                                            data-cell-id=\"B10\"\n                    data-col-index=\"1\"\n                    data-row-index=\"9\"\n                    style=\"                    padding:16px;                    \"\n                    >\n                                        Regular ball, full court                    <\/td>\n                                                <td class=\"wpdt-cell wpdt-align-left remove-borders\"\n                                            data-cell-id=\"C10\"\n                    data-col-index=\"2\"\n                    data-row-index=\"9\"\n                    style=\"                    padding:16px;                    \"\n                    >\n                                        Plays with control and variety. Uses spin, changes of pace, and net play to create opportunities. Can adapt the game plan as needed. (~2nd\u20133rd league level)                    <\/td>\n                                        <\/tr>\n                            <tr class=\"wpdt-cell-row  remove-borders\" >\n                                <td class=\"wpdt-cell wpdt-align-left remove-borders\"\n                                            data-cell-id=\"A11\"\n                    data-col-index=\"0\"\n                    data-row-index=\"10\"\n                    style=\"                    padding:16px;                    \"\n                    >\n                                        D1                    <\/td>\n                                                <td class=\"wpdt-cell wpdt-align-left remove-borders\"\n                                            data-cell-id=\"B11\"\n                    data-col-index=\"1\"\n                    data-row-index=\"10\"\n                    style=\"                    padding:16px;                    \"\n                    >\n                                        Regular ball, full court                    <\/td>\n                                                <td class=\"wpdt-cell wpdt-align-left remove-borders\"\n                                            data-cell-id=\"C11\"\n                    data-col-index=\"2\"\n                    data-row-index=\"10\"\n                    style=\"                    padding:16px;                    \"\n                    >\n                                        High-level club player with strong shot control and tactical awareness. Moves efficiently and handles pressure well. (~1st league &amp; GP level)                    <\/td>\n                                        <\/tr>\n                            <tr class=\"wpdt-cell-row  remove-borders\" >\n                                <td class=\"wpdt-cell wpdt-align-left remove-borders\"\n                                            data-cell-id=\"A12\"\n                    data-col-index=\"0\"\n                    data-row-index=\"11\"\n                    style=\"                    padding:16px;                    \"\n                    >\n                                        D2                    <\/td>\n                                                <td class=\"wpdt-cell wpdt-align-left remove-borders\"\n                                            data-cell-id=\"B12\"\n                    data-col-index=\"1\"\n                    data-row-index=\"11\"\n                    style=\"                    padding:16px;                    \"\n                    >\n                                        Regular ball, full court                    <\/td>\n                                                <td class=\"wpdt-cell wpdt-align-left remove-borders\"\n                                            data-cell-id=\"C12\"\n                    data-col-index=\"2\"\n                    data-row-index=\"11\"\n                    style=\"                    padding:16px;                    \"\n                    >\n                                        Advanced player with consistent technique, strategic depth, and versatility in all game areas. Competes at a strong tournament level. (~GP and international level \u2013 ITF\/WTA\/ATP)                    <\/td>\n                                        <\/tr>\n                    <\/table>\n<\/div><style id='wpdt-custom-style-2'>\n<\/style>\n<\/div>\n\t\t\t\t\t\t<\/div>\n\t\t\t\t\t<\/div>\n\t\t\t\t<\/div>\n\t\t<div class=\"elementor-element elementor-element-a568463 e-flex e-con-boxed e-con e-parent\" data-id=\"a568463\" data-element_type=\"container\" data-settings=\"{&quot;background_background&quot;:&quot;classic&quot;}\">\n\t\t\t\t\t<div class=\"e-con-inner\">\n\t\t\t\t<div class=\"elementor-element elementor-element-dc35949 elementor-pagination-type-fraction elementor-testimonial--skin-default elementor-testimonial--layout-image_inline elementor-testimonial--align-center elementor-arrows-yes elementor-widget elementor-widget-testimonial-carousel\" data-id=\"dc35949\" data-element_type=\"widget\" data-settings=\"{&quot;pagination&quot;:&quot;fraction&quot;,&quot;show_arrows&quot;:&quot;yes&quot;,&quot;speed&quot;:500,&quot;autoplay&quot;:&quot;yes&quot;,&quot;autoplay_speed&quot;:5000,&quot;loop&quot;:&quot;yes&quot;,&quot;pause_on_hover&quot;:&quot;yes&quot;,&quot;pause_on_interaction&quot;:&quot;yes&quot;,&quot;space_between&quot;:{&quot;unit&quot;:&quot;px&quot;,&quot;size&quot;:10,&quot;sizes&quot;:[]},&quot;space_between_tablet&quot;:{&quot;unit&quot;:&quot;px&quot;,&quot;size&quot;:10,&quot;sizes&quot;:[]},&quot;space_between_mobile&quot;:{&quot;unit&quot;:&quot;px&quot;,&quot;size&quot;:10,&quot;sizes&quot;:[]}}\" data-widget_type=\"testimonial-carousel.default\">\n\t\t\t\t\t\t\t\t\t\t<div class=\"elementor-main-swiper swiper\" role=\"region\" aria-roledescription=\"carousel\" aria-label=\"Slides\">\n\t\t\t\t<div class=\"swiper-wrapper\">\n\t\t\t\t\t\t\t\t\t\t\t<div class=\"swiper-slide\" role=\"group\" aria-roledescription=\"slide\">\n\t\t\t\t\t\t\t\t\t<div class=\"elementor-testimonial\">\n\t\t\t\t\t\t\t<div class=\"elementor-testimonial__content\">\n\t\t\t\t\t<div class=\"elementor-testimonial__text\">\n\t\t\t\t\t\tThanks to Tennis One's professional, supportive and encouraging coaches, I have discovered that tennis has had a great impact on me in many ways \u2013 improved my coordination, physicality, and boosted my mood better than anything else :)\t\t\t\t\t<\/div>\n\t\t\t\t\t\t\t\t\t<\/div>\n\t\t\t\t\t\t<div class=\"elementor-testimonial__footer\">\n\t\t\t\t\t\t\t\t<cite class=\"elementor-testimonial__cite\"><span class=\"elementor-testimonial__name\">Birgit Tillman<\/span><span class=\"elementor-testimonial__title\">Tennis One member<\/span><\/cite>\t\t\t<\/div>\n\t\t<\/div>\n\t\t\t\t\t\t\t\t<\/div>\n\t\t\t\t\t\t\t\t\t<\/div>\n\t\t\t\t\t\t\t<\/div>\n\t\t\t\t\t\t\t\t<\/div>\n\t\t\t\t\t<\/div>\n\t\t\t\t<\/div>\n\t\t\t\t<\/div>","protected":false},"excerpt":{"rendered":"<p>Tasemed Tennis One&#8217;i liikmete m\u00e4ngutasemed T\u00e4nu Tennis One professionaalsetele, toetavatele ning julgustavatele treeneritele avastasin, et see m\u00e4ng on m\u00f5junud mulle h\u00e4sti mitmes m\u00f5ttes \u2013 parandanud koordinatsiooniv\u00f5imet, treenitust, ning t\u00f5stnud meelolu paremini kui miski muu \ud83d\ude42 Birgit TillmanTennis One liige<\/p>","protected":false},"author":1,"featured_media":24,"parent":0,"menu_order":0,"comment_status":"closed","ping_status":"closed","template":"","meta":{"footnotes":""},"class_list":["post-62","page","type-page","status-publish","has-post-thumbnail","hentry"],"_links":{"self":[{"href":"https:\/\/tennisoneclub.com\/en\/wp-json\/wp\/v2\/pages\/62","targetHints":{"allow":["GET"]}}],"collection":[{"href":"https:\/\/tennisoneclub.com\/en\/wp-json\/wp\/v2\/pages"}],"about":[{"href":"https:\/\/tennisoneclub.com\/en\/wp-json\/wp\/v2\/types\/page"}],"author":[{"embeddable":true,"href":"https:\/\/tennisoneclub.com\/en\/wp-json\/wp\/v2\/users\/1"}],"replies":[{"embeddable":true,"href":"https:\/\/tennisoneclub.com\/en\/wp-json\/wp\/v2\/comments?post=62"}],"version-history":[{"count":32,"href":"https:\/\/tennisoneclub.com\/en\/wp-json\/wp\/v2\/pages\/62\/revisions"}],"predecessor-version":[{"id":898,"href":"https:\/\/tennisoneclub.com\/en\/wp-json\/wp\/v2\/pages\/62\/revisions\/898"}],"wp:featuredmedia":[{"embeddable":true,"href":"https:\/\/tennisoneclub.com\/en\/wp-json\/wp\/v2\/media\/24"}],"wp:attachment":[{"href":"https:\/\/tennisoneclub.com\/en\/wp-json\/wp\/v2\/media?parent=62"}],"curies":[{"name":"wp","href":"https:\/\/api.w.org\/{rel}","templated":true}]}}