{"id":72,"date":"2025-02-07T02:12:56","date_gmt":"2025-02-07T00:12:56","guid":{"rendered":"https:\/\/tennisoneclub.com\/?page_id=72"},"modified":"2025-05-24T20:56:05","modified_gmt":"2025-05-24T18:56:05","slug":"laagrid","status":"publish","type":"page","link":"https:\/\/tennisoneclub.com\/en\/laagrid","title":{"rendered":"Camps"},"content":{"rendered":"<div data-elementor-type=\"wp-page\" data-elementor-id=\"72\" class=\"elementor elementor-72\" data-elementor-post-type=\"page\">\n\t\t\t\t<div class=\"elementor-element elementor-element-40ca32e e-flex e-con-boxed e-con e-parent\" data-id=\"40ca32e\" data-element_type=\"container\" data-settings=\"{&quot;background_background&quot;:&quot;classic&quot;}\">\n\t\t\t\t\t<div class=\"e-con-inner\">\n\t\t\t\t<div class=\"elementor-element elementor-element-d29c536 elementor-widget elementor-widget-heading\" data-id=\"d29c536\" data-element_type=\"widget\" data-widget_type=\"heading.default\">\n\t\t\t\t\t<h1 class=\"elementor-heading-title elementor-size-default\">Camps<\/h1>\t\t\t\t<\/div>\n\t\t\t\t\t<\/div>\n\t\t\t\t<\/div>\n\t\t<div class=\"elementor-element elementor-element-2b53a31 e-flex e-con-boxed e-con e-parent\" data-id=\"2b53a31\" data-element_type=\"container\" data-settings=\"{&quot;background_background&quot;:&quot;classic&quot;}\">\n\t\t\t\t\t<div class=\"e-con-inner\">\n\t\t<div class=\"elementor-element elementor-element-f7e97dc e-con-full e-flex e-con e-child\" data-id=\"f7e97dc\" data-element_type=\"container\">\n\t\t\t\t<div class=\"elementor-element elementor-element-aa6ecce elementor-widget elementor-widget-heading\" data-id=\"aa6ecce\" data-element_type=\"widget\" data-widget_type=\"heading.default\">\n\t\t\t\t\t<h2 class=\"elementor-heading-title elementor-size-default\">Camps \u2013 in Estonia and abroad<\/h2>\t\t\t\t<\/div>\n\t\t\t\t<div class=\"elementor-element elementor-element-96fd019 elementor-widget elementor-widget-heading\" data-id=\"96fd019\" data-element_type=\"widget\" data-widget_type=\"heading.default\">\n\t\t\t\t\t<p class=\"elementor-heading-title elementor-size-default\">Tennis One\u2019s camps \u2013 both in Estonia and abroad \u2013 offer a high-quality training experience for players of all ages and skill levels. Our camps combine professional coaching, excellent training opportunities, and \u2013 when traveling abroad \u2013 exciting cultural experiences.<\/p>\t\t\t\t<\/div>\n\t\t\t\t<\/div>\n\t\t<div class=\"elementor-element elementor-element-bc3134c e-con-full e-flex e-con e-child\" data-id=\"bc3134c\" data-element_type=\"container\">\n\t\t\t\t<div class=\"elementor-element elementor-element-f66e8a0 elementor-widget elementor-widget-image\" data-id=\"f66e8a0\" data-element_type=\"widget\" data-widget_type=\"image.default\">\n\t\t\t\t\t\t\t\t\t\t\t\t\t\t\t<img fetchpriority=\"high\" decoding=\"async\" width=\"1119\" height=\"800\" src=\"https:\/\/tennisoneclub.com\/wp-content\/uploads\/Adults.webp\" class=\"attachment-full size-full wp-image-615\" alt=\"\" srcset=\"https:\/\/tennisoneclub.com\/wp-content\/uploads\/Adults.webp 1119w, https:\/\/tennisoneclub.com\/wp-content\/uploads\/Adults-300x214.webp 300w, https:\/\/tennisoneclub.com\/wp-content\/uploads\/Adults-1024x732.webp 1024w, https:\/\/tennisoneclub.com\/wp-content\/uploads\/Adults-768x549.webp 768w, https:\/\/tennisoneclub.com\/wp-content\/uploads\/Adults-18x12.webp 18w\" sizes=\"(max-width: 1119px) 100vw, 1119px\" \/>\t\t\t\t\t\t\t\t\t\t\t\t\t\t\t<\/div>\n\t\t\t\t<\/div>\n\t\t\t\t\t<\/div>\n\t\t\t\t<\/div>\n\t\t<div class=\"elementor-element elementor-element-2632cbb e-flex e-con-boxed e-con e-parent\" data-id=\"2632cbb\" data-element_type=\"container\">\n\t\t\t\t\t<div class=\"e-con-inner\">\n\t\t\t\t<div class=\"elementor-element elementor-element-951c157 e-n-tabs-tablet services-tabs elementor-widget elementor-widget-n-tabs\" data-id=\"951c157\" data-element_type=\"widget\" data-widget_type=\"nested-tabs.default\">\n\t\t\t\t\t\t\t<div class=\"e-n-tabs\" data-widget-number=\"156352855\" aria-label=\"Tabs. Open items with Enter or Space, close with Escape and navigate using the Arrow keys.\" data-no-translation-aria-label=\"\">\n\t\t\t<div class=\"e-n-tabs-heading\" role=\"tablist\">\n\t\t\t\t\t<button id=\"camps1\" data-tab-title-id=\"e-n-tab-title-1563528551\" class=\"e-n-tab-title\" aria-selected=\"true\" data-tab-index=\"1\" role=\"tab\" tabindex=\"0\" aria-controls=\"e-n-tab-content-1563528551\" style=\"--n-tabs-title-order: 1;\">\n\t\t\t\t\t<span class=\"e-n-tab-icon\">\n\t\t\t<svg xmlns=\"http:\/\/www.w3.org\/2000\/svg\" width=\"24\" height=\"24\" viewbox=\"0 0 24 24\" fill=\"none\"><g id=\"Icon\"><path id=\"Icon_2\" d=\"M17 8L21 12M21 12L17 16M21 12L3 12\" stroke=\"#56281D\" stroke-width=\"2\" stroke-linecap=\"round\" stroke-linejoin=\"round\"><\/path><\/g><\/svg>\t\t\t<svg xmlns=\"http:\/\/www.w3.org\/2000\/svg\" width=\"24\" height=\"24\" viewbox=\"0 0 24 24\" fill=\"none\"><g id=\"Icon\"><path id=\"Icon_2\" d=\"M17 8L21 12M21 12L17 16M21 12L3 12\" stroke=\"#56281D\" stroke-width=\"2\" stroke-linecap=\"round\" stroke-linejoin=\"round\"><\/path><\/g><\/svg>\t\t<\/span>\n\t\t\t\t\t<span class=\"e-n-tab-title-text\">\n\t\t\t\tProfessional coaching staff\t\t\t<\/span>\n\t\t<\/button>\n\t\t\t\t<button id=\"camps2\" data-tab-title-id=\"e-n-tab-title-1563528552\" class=\"e-n-tab-title\" aria-selected=\"false\" data-tab-index=\"2\" role=\"tab\" tabindex=\"-1\" aria-controls=\"e-n-tab-content-1563528552\" style=\"--n-tabs-title-order: 2;\">\n\t\t\t\t\t<span class=\"e-n-tab-icon\">\n\t\t\t<svg xmlns=\"http:\/\/www.w3.org\/2000\/svg\" width=\"24\" height=\"24\" viewbox=\"0 0 24 24\" fill=\"none\"><g id=\"Icon\"><path id=\"Icon_2\" d=\"M17 8L21 12M21 12L17 16M21 12L3 12\" stroke=\"#56281D\" stroke-width=\"2\" stroke-linecap=\"round\" stroke-linejoin=\"round\"><\/path><\/g><\/svg>\t\t\t<svg xmlns=\"http:\/\/www.w3.org\/2000\/svg\" width=\"24\" height=\"24\" viewbox=\"0 0 24 24\" fill=\"none\"><g id=\"Icon\"><path id=\"Icon_2\" d=\"M17 8L21 12M21 12L17 16M21 12L3 12\" stroke=\"#56281D\" stroke-width=\"2\" stroke-linecap=\"round\" stroke-linejoin=\"round\"><\/path><\/g><\/svg>\t\t<\/span>\n\t\t\t\t\t<span class=\"e-n-tab-title-text\">\n\t\t\t\tComprehensive training curriculum\t\t\t<\/span>\n\t\t<\/button>\n\t\t\t\t<button id=\"camps3\" data-tab-title-id=\"e-n-tab-title-1563528553\" class=\"e-n-tab-title\" aria-selected=\"false\" data-tab-index=\"3\" role=\"tab\" tabindex=\"-1\" aria-controls=\"e-n-tab-content-1563528553\" style=\"--n-tabs-title-order: 3;\">\n\t\t\t\t\t<span class=\"e-n-tab-icon\">\n\t\t\t<svg xmlns=\"http:\/\/www.w3.org\/2000\/svg\" width=\"24\" height=\"24\" viewbox=\"0 0 24 24\" fill=\"none\"><g id=\"Icon\"><path id=\"Icon_2\" d=\"M17 8L21 12M21 12L17 16M21 12L3 12\" stroke=\"#56281D\" stroke-width=\"2\" stroke-linecap=\"round\" stroke-linejoin=\"round\"><\/path><\/g><\/svg>\t\t\t<svg xmlns=\"http:\/\/www.w3.org\/2000\/svg\" width=\"24\" height=\"24\" viewbox=\"0 0 24 24\" fill=\"none\"><g id=\"Icon\"><path id=\"Icon_2\" d=\"M17 8L21 12M21 12L17 16M21 12L3 12\" stroke=\"#56281D\" stroke-width=\"2\" stroke-linecap=\"round\" stroke-linejoin=\"round\"><\/path><\/g><\/svg>\t\t<\/span>\n\t\t\t\t\t<span class=\"e-n-tab-title-text\">\n\t\t\t\tState-of-the-art facilities\t\t\t<\/span>\n\t\t<\/button>\n\t\t\t\t<button id=\"camps4\" data-tab-title-id=\"e-n-tab-title-1563528554\" class=\"e-n-tab-title\" aria-selected=\"false\" data-tab-index=\"4\" role=\"tab\" tabindex=\"-1\" aria-controls=\"e-n-tab-content-1563528554\" style=\"--n-tabs-title-order: 4;\">\n\t\t\t\t\t<span class=\"e-n-tab-icon\">\n\t\t\t<svg xmlns=\"http:\/\/www.w3.org\/2000\/svg\" width=\"24\" height=\"24\" viewbox=\"0 0 24 24\" fill=\"none\"><g id=\"Icon\"><path id=\"Icon_2\" d=\"M17 8L21 12M21 12L17 16M21 12L3 12\" stroke=\"#56281D\" stroke-width=\"2\" stroke-linecap=\"round\" stroke-linejoin=\"round\"><\/path><\/g><\/svg>\t\t\t<svg xmlns=\"http:\/\/www.w3.org\/2000\/svg\" width=\"24\" height=\"24\" viewbox=\"0 0 24 24\" fill=\"none\"><g id=\"Icon\"><path id=\"Icon_2\" d=\"M17 8L21 12M21 12L17 16M21 12L3 12\" stroke=\"#56281D\" stroke-width=\"2\" stroke-linecap=\"round\" stroke-linejoin=\"round\"><\/path><\/g><\/svg>\t\t<\/span>\n\t\t\t\t\t<span class=\"e-n-tab-title-text\">\n\t\t\t\tCompetitive tournament opportunities\t\t\t<\/span>\n\t\t<\/button>\n\t\t\t\t<button id=\"camps5\" data-tab-title-id=\"e-n-tab-title-1563528555\" class=\"e-n-tab-title\" aria-selected=\"false\" data-tab-index=\"5\" role=\"tab\" tabindex=\"-1\" aria-controls=\"e-n-tab-content-1563528555\" style=\"--n-tabs-title-order: 5;\">\n\t\t\t\t\t<span class=\"e-n-tab-icon\">\n\t\t\t<svg xmlns=\"http:\/\/www.w3.org\/2000\/svg\" width=\"24\" height=\"24\" viewbox=\"0 0 24 24\" fill=\"none\"><g id=\"Icon\"><path id=\"Icon_2\" d=\"M17 8L21 12M21 12L17 16M21 12L3 12\" stroke=\"#56281D\" stroke-width=\"2\" stroke-linecap=\"round\" stroke-linejoin=\"round\"><\/path><\/g><\/svg>\t\t\t<svg xmlns=\"http:\/\/www.w3.org\/2000\/svg\" width=\"24\" height=\"24\" viewbox=\"0 0 24 24\" fill=\"none\"><g id=\"Icon\"><path id=\"Icon_2\" d=\"M17 8L21 12M21 12L17 16M21 12L3 12\" stroke=\"#56281D\" stroke-width=\"2\" stroke-linecap=\"round\" stroke-linejoin=\"round\"><\/path><\/g><\/svg>\t\t<\/span>\n\t\t\t\t\t<span class=\"e-n-tab-title-text\">\n\t\t\t\tProfessional mentorship\t\t\t<\/span>\n\t\t<\/button>\n\t\t\t\t\t<\/div>\n\t\t\t<div class=\"e-n-tabs-content\">\n\t\t\t\t<div id=\"e-n-tab-content-1563528551\" role=\"tabpanel\" aria-labelledby=\"camps1\" data-tab-index=\"1\" style=\"--n-tabs-title-order: 1;\" class=\"e-active elementor-element elementor-element-6885afb e-con-full e-flex e-con e-child\" data-id=\"6885afb\" data-element_type=\"container\">\n\t\t\t\t<div class=\"elementor-element elementor-element-3c9bb58 elementor-widget elementor-widget-heading\" data-id=\"3c9bb58\" data-element_type=\"widget\" data-widget_type=\"heading.default\">\n\t\t\t\t\t<p class=\"elementor-heading-title elementor-size-default\">Our coaches include former professional players, certified coaches and experts in their field who provide expert coaching, personalised feedback and guidance to help you maximise your potential and achieve your tennis goals.<\/p>\t\t\t\t<\/div>\n\t\t\t\t<\/div>\n\t\t<div id=\"e-n-tab-content-1563528552\" role=\"tabpanel\" aria-labelledby=\"camps2\" data-tab-index=\"2\" style=\"--n-tabs-title-order: 2;\" class=\"elementor-element elementor-element-eecf83f e-con-full e-flex e-con e-child\" data-id=\"eecf83f\" data-element_type=\"container\">\n\t\t\t\t<div class=\"elementor-element elementor-element-7ff8c18 elementor-widget elementor-widget-heading\" data-id=\"7ff8c18\" data-element_type=\"widget\" data-widget_type=\"heading.default\">\n\t\t\t\t\t<p class=\"elementor-heading-title elementor-size-default\">Our camps offer a comprehensive training curriculum covering all aspects of the game, including stroke technique, footwork, tactical strategy, mental toughness, physical conditioning, and match play. Players participate in a variety of training exercises and simulated game scenarios designed to improve their skills and performance, and elevate their game to the next level.<\/p>\t\t\t\t<\/div>\n\t\t\t\t<\/div>\n\t\t<div id=\"e-n-tab-content-1563528553\" role=\"tabpanel\" aria-labelledby=\"camps3\" data-tab-index=\"3\" style=\"--n-tabs-title-order: 3;\" class=\"elementor-element elementor-element-7ef9357 e-con-full e-flex e-con e-child\" data-id=\"7ef9357\" data-element_type=\"container\">\n\t\t\t\t<div class=\"elementor-element elementor-element-9bea07f elementor-widget elementor-widget-heading\" data-id=\"9bea07f\" data-element_type=\"widget\" data-widget_type=\"heading.default\">\n\t\t\t\t\t<p class=\"elementor-heading-title elementor-size-default\">Tennis One works with top tennis courts and resorts to provide participants with access to high quality courts, training equipment and amenities. Whether it's a world-class tennis centre, a luxury resort or a first-class sports complex, we ensure that participants have access to the best facilities to support your training.\n<\/p>\t\t\t\t<\/div>\n\t\t\t\t<\/div>\n\t\t<div id=\"e-n-tab-content-1563528554\" role=\"tabpanel\" aria-labelledby=\"camps4\" data-tab-index=\"4\" style=\"--n-tabs-title-order: 4;\" class=\"elementor-element elementor-element-0c0af32 e-flex e-con-boxed e-con e-child\" data-id=\"0c0af32\" data-element_type=\"container\">\n\t\t\t\t\t<div class=\"e-con-inner\">\n\t\t\t\t<div class=\"elementor-element elementor-element-308ea06 elementor-widget elementor-widget-heading\" data-id=\"308ea06\" data-element_type=\"widget\" data-widget_type=\"heading.default\">\n\t\t\t\t\t<p class=\"elementor-heading-title elementor-size-default\">Our camps offer participants the opportunity to take part in competitive tournaments and matches against local players, regional competitors, and international opponents. Whether it's friendly exhibition matches, sanctioned tournaments or intercamp competitions, participants have the opportunity to test their skills and gain valuable playing experience at an international level.<\/p>\t\t\t\t<\/div>\n\t\t\t\t\t<\/div>\n\t\t\t\t<\/div>\n\t\t<div id=\"e-n-tab-content-1563528555\" role=\"tabpanel\" aria-labelledby=\"camps5\" data-tab-index=\"5\" style=\"--n-tabs-title-order: 5;\" class=\"elementor-element elementor-element-beef928 e-flex e-con-boxed e-con e-child\" data-id=\"beef928\" data-element_type=\"container\">\n\t\t\t\t\t<div class=\"e-con-inner\">\n\t\t\t\t<div class=\"elementor-element elementor-element-2d8fadc elementor-widget elementor-widget-heading\" data-id=\"2d8fadc\" data-element_type=\"widget\" data-widget_type=\"heading.default\">\n\t\t\t\t\t<p class=\"elementor-heading-title elementor-size-default\">Tennis One instructors provide guidance on player development, tournament scheduling, US college recruitment and career opportunities in tennis, helping players navigate between different opportunities and challenges.<\/p>\t\t\t\t<\/div>\n\t\t\t\t<div class=\"elementor-element elementor-element-7d3e700 elementor-widget elementor-widget-heading\" data-id=\"7d3e700\" data-element_type=\"widget\" data-widget_type=\"heading.default\">\n\t\t\t\t\t<p class=\"elementor-heading-title elementor-size-default\">Tennis One's domestic and international tennis camps offer a transformative and unforgettable tennis experience that combines professional coaching, state-of-the-art facilities, cultural experiences and competitive opportunities to inspire participants to reach their full potential both on and off the court. Whether it's a week-long training camp, a month-long intensive programme or a year-long development academy, we are committed to providing participants with a complete tennis experience that will help you succeed both on and off the court.<\/p>\t\t\t\t<\/div>\n\t\t\t\t\t<\/div>\n\t\t\t\t<\/div>\n\t\t\t\t\t<\/div>\n\t\t<\/div>\n\t\t\t\t\t\t<\/div>\n\t\t\t\t\t<\/div>\n\t\t\t\t<\/div>\n\t\t<div class=\"elementor-element elementor-element-ffbd7a8 e-flex e-con-boxed e-con e-parent\" data-id=\"ffbd7a8\" data-element_type=\"container\" data-settings=\"{&quot;background_background&quot;:&quot;classic&quot;}\">\n\t\t\t\t\t<div class=\"e-con-inner\">\n\t\t\t\t<div class=\"elementor-element elementor-element-196b0c1 elementor-widget elementor-widget-heading\" data-id=\"196b0c1\" data-element_type=\"widget\" data-widget_type=\"heading.default\">\n\t\t\t\t\t<h2 class=\"elementor-heading-title elementor-size-default\">Join our programmes<\/h2>\t\t\t\t<\/div>\n\t\t\t\t<div class=\"elementor-element elementor-element-271f3f8 elementor-widget elementor-widget-heading\" data-id=\"271f3f8\" data-element_type=\"widget\" data-widget_type=\"heading.default\">\n\t\t\t\t\t<p class=\"elementor-heading-title elementor-size-default\">Learn new skills and make exciting new friendships<\/p>\t\t\t\t<\/div>\n\t\t\t\t<div class=\"elementor-element elementor-element-d04bb7d elementor-align-center tennis-button elementor-widget elementor-widget-button\" data-id=\"d04bb7d\" data-element_type=\"widget\" data-widget_type=\"button.default\">\n\t\t\t\t\t\t\t\t\t\t<a class=\"elementor-button elementor-button-link elementor-size-sm\" href=\"https:\/\/tennisoneclub.com\/en\/broneeri-klass\/\">\n\t\t\t\t\t\t<span class=\"elementor-button-content-wrapper\">\n\t\t\t\t\t\t<span class=\"elementor-button-icon\">\n\t\t\t\t<svg xmlns=\"http:\/\/www.w3.org\/2000\/svg\" class=\"arrow-svg\" width=\"20\" height=\"10\" viewbox=\"0 0 20 10\" fill=\"none\"><path class=\"arrow-head\" d=\"M15 1L19 5M19 5L15 9\" stroke=\"white\" stroke-width=\"2\" stroke-linecap=\"round\" stroke-linejoin=\"round\"><\/path><path class=\"arrow-tail\" d=\"M19 5L1 5\" stroke=\"white\" stroke-width=\"2\" stroke-linecap=\"round\" stroke-linejoin=\"round\"><\/path><\/svg>\t\t\t<\/span>\n\t\t\t\t\t\t\t\t\t<span class=\"elementor-button-text\">Read more<\/span>\n\t\t\t\t\t<\/span>\n\t\t\t\t\t<\/a>\n\t\t\t\t\t\t\t\t<\/div>\n\t\t\t\t\t<\/div>\n\t\t\t\t<\/div>\n\t\t\t\t<\/div>","protected":false},"excerpt":{"rendered":"<p>Laagrid Laagrid \u2013 Eestis ja v\u00e4lismaal Tennis One\u2019i laagrid \u2013 nii kodus kui v\u00e4lismaal \u2013 pakuvad kvaliteetset treeningukogemust igas vanuses ja tasemel m\u00e4ngijatele. Meie laagrites kohtuvad professionaalne juhendamine, suurep\u00e4rased treenimisv\u00f5imalused ning \u2013 v\u00e4lislaagrisse reisides \u2013 ka p\u00f5nevad kultuurielamused. Professionaalsete treenerite tiim P\u00f5hjalik koolitusprogramm Tipptasemel rajatised V\u00f5istlemine turniiridel Professionaalne mentorlus Meie juhendajate hulka kuuluvad endised professionaalsed [&hellip;]<\/p>","protected":false},"author":1,"featured_media":24,"parent":0,"menu_order":0,"comment_status":"closed","ping_status":"closed","template":"","meta":{"footnotes":""},"class_list":["post-72","page","type-page","status-publish","has-post-thumbnail","hentry"],"_links":{"self":[{"href":"https:\/\/tennisoneclub.com\/en\/wp-json\/wp\/v2\/pages\/72","targetHints":{"allow":["GET"]}}],"collection":[{"href":"https:\/\/tennisoneclub.com\/en\/wp-json\/wp\/v2\/pages"}],"about":[{"href":"https:\/\/tennisoneclub.com\/en\/wp-json\/wp\/v2\/types\/page"}],"author":[{"embeddable":true,"href":"https:\/\/tennisoneclub.com\/en\/wp-json\/wp\/v2\/users\/1"}],"replies":[{"embeddable":true,"href":"https:\/\/tennisoneclub.com\/en\/wp-json\/wp\/v2\/comments?post=72"}],"version-history":[{"count":50,"href":"https:\/\/tennisoneclub.com\/en\/wp-json\/wp\/v2\/pages\/72\/revisions"}],"predecessor-version":[{"id":1206,"href":"https:\/\/tennisoneclub.com\/en\/wp-json\/wp\/v2\/pages\/72\/revisions\/1206"}],"wp:featuredmedia":[{"embeddable":true,"href":"https:\/\/tennisoneclub.com\/en\/wp-json\/wp\/v2\/media\/24"}],"wp:attachment":[{"href":"https:\/\/tennisoneclub.com\/en\/wp-json\/wp\/v2\/media?parent=72"}],"curies":[{"name":"wp","href":"https:\/\/api.w.org\/{rel}","templated":true}]}}