{"id":87,"date":"2025-02-07T02:15:07","date_gmt":"2025-02-07T00:15:07","guid":{"rendered":"https:\/\/tennisoneclub.com\/?page_id=87"},"modified":"2025-02-18T17:02:44","modified_gmt":"2025-02-18T15:02:44","slug":"asukohad","status":"publish","type":"page","link":"https:\/\/tennisoneclub.com\/en\/asukohad","title":{"rendered":"Locations"},"content":{"rendered":"<div data-elementor-type=\"wp-page\" data-elementor-id=\"87\" class=\"elementor elementor-87\" data-elementor-post-type=\"page\">\n\t\t\t\t<div class=\"elementor-element elementor-element-a134ac7 e-flex e-con-boxed e-con e-parent\" data-id=\"a134ac7\" data-element_type=\"container\" data-settings=\"{&quot;background_background&quot;:&quot;classic&quot;}\">\n\t\t\t\t\t<div class=\"e-con-inner\">\n\t\t\t\t<div class=\"elementor-element elementor-element-65bc11a elementor-widget elementor-widget-heading\" data-id=\"65bc11a\" data-element_type=\"widget\" data-widget_type=\"heading.default\">\n\t\t\t\t\t<h1 class=\"elementor-heading-title elementor-size-default\">Locations<\/h1>\t\t\t\t<\/div>\n\t\t\t\t\t<\/div>\n\t\t\t\t<\/div>\n\t\t<div class=\"elementor-element elementor-element-83f82d9 e-flex e-con-boxed e-con e-parent\" data-id=\"83f82d9\" data-element_type=\"container\" data-settings=\"{&quot;background_background&quot;:&quot;classic&quot;}\">\n\t\t\t\t\t<div class=\"e-con-inner\">\n\t\t<div class=\"elementor-element elementor-element-72b6855 e-con-full e-flex e-con e-child\" data-id=\"72b6855\" data-element_type=\"container\">\n\t\t<div class=\"elementor-element elementor-element-60918bd e-con-full e-flex e-con e-child\" data-id=\"60918bd\" data-element_type=\"container\">\n\t\t\t\t<div class=\"elementor-element elementor-element-91839ee elementor-widget elementor-widget-heading\" data-id=\"91839ee\" data-element_type=\"widget\" data-widget_type=\"heading.default\">\n\t\t\t\t\t<h2 class=\"elementor-heading-title elementor-size-default\">Forus Sports Centre Tondi<\/h2>\t\t\t\t<\/div>\n\t\t\t\t<div class=\"elementor-element elementor-element-9747843 elementor-widget elementor-widget-heading\" data-id=\"9747843\" data-element_type=\"widget\" data-widget_type=\"heading.default\">\n\t\t\t\t\t<p class=\"elementor-heading-title elementor-size-default\">S\u00f5jakooli 10, 11316 Tallinn<\/p>\t\t\t\t<\/div>\n\t\t\t\t<div class=\"elementor-element elementor-element-82ef843 elementor-widget elementor-widget-heading\" data-id=\"82ef843\" data-element_type=\"widget\" data-widget_type=\"heading.default\">\n\t\t\t\t\t<p class=\"elementor-heading-title elementor-size-default\">+372 608 8800<\/p>\t\t\t\t<\/div>\n\t\t\t\t<div class=\"elementor-element elementor-element-c8c2414 tennis-button elementor-widget elementor-widget-button\" data-id=\"c8c2414\" data-element_type=\"widget\" data-widget_type=\"button.default\">\n\t\t\t\t\t\t\t\t\t\t<a class=\"elementor-button elementor-button-link elementor-size-sm\" href=\"https:\/\/goldenclub.ee\/asukoht\/tondi\/\" target=\"_blank\">\n\t\t\t\t\t\t<span class=\"elementor-button-content-wrapper\">\n\t\t\t\t\t\t<span class=\"elementor-button-icon\">\n\t\t\t\t<svg xmlns=\"http:\/\/www.w3.org\/2000\/svg\" class=\"arrow-svg\" width=\"20\" height=\"10\" viewbox=\"0 0 20 10\" fill=\"none\"><path class=\"arrow-head\" d=\"M15 1L19 5M19 5L15 9\" stroke=\"white\" stroke-width=\"2\" stroke-linecap=\"round\" stroke-linejoin=\"round\"><\/path><path class=\"arrow-tail\" d=\"M19 5L1 5\" stroke=\"white\" stroke-width=\"2\" stroke-linecap=\"round\" stroke-linejoin=\"round\"><\/path><\/svg>\t\t\t<\/span>\n\t\t\t\t\t\t\t\t\t<span class=\"elementor-button-text\">Read more<\/span>\n\t\t\t\t\t<\/span>\n\t\t\t\t\t<\/a>\n\t\t\t\t\t\t\t\t<\/div>\n\t\t\t\t<\/div>\n\t\t<div class=\"elementor-element elementor-element-d4bc942 e-con-full e-flex e-con e-child\" data-id=\"d4bc942\" data-element_type=\"container\">\n\t\t\t\t<div class=\"elementor-element elementor-element-55bf06a elementor-widget elementor-widget-image\" data-id=\"55bf06a\" data-element_type=\"widget\" data-widget_type=\"image.default\">\n\t\t\t\t\t\t\t\t\t\t\t\t\t\t\t<img fetchpriority=\"high\" decoding=\"async\" width=\"674\" height=\"334\" src=\"https:\/\/tennisoneclub.com\/wp-content\/uploads\/forus-tondi.webp\" class=\"attachment-full size-full wp-image-261\" alt=\"\" srcset=\"https:\/\/tennisoneclub.com\/wp-content\/uploads\/forus-tondi.webp 674w, https:\/\/tennisoneclub.com\/wp-content\/uploads\/forus-tondi-300x149.webp 300w, https:\/\/tennisoneclub.com\/wp-content\/uploads\/forus-tondi-18x9.webp 18w\" sizes=\"(max-width: 674px) 100vw, 674px\" \/>\t\t\t\t\t\t\t\t\t\t\t\t\t\t\t<\/div>\n\t\t\t\t<\/div>\n\t\t\t\t<\/div>\n\t\t<div class=\"elementor-element elementor-element-c153b5f e-con-full e-flex e-con e-child\" data-id=\"c153b5f\" data-element_type=\"container\">\n\t\t<div class=\"elementor-element elementor-element-56153da e-con-full e-flex e-con e-child\" data-id=\"56153da\" data-element_type=\"container\">\n\t\t\t\t<div class=\"elementor-element elementor-element-6f2cb5c elementor-widget elementor-widget-image\" data-id=\"6f2cb5c\" data-element_type=\"widget\" data-widget_type=\"image.default\">\n\t\t\t\t\t\t\t\t\t\t\t\t\t\t\t<img decoding=\"async\" width=\"674\" height=\"334\" src=\"https:\/\/tennisoneclub.com\/wp-content\/uploads\/forus-viimsi.webp\" class=\"attachment-full size-full wp-image-263\" alt=\"\" srcset=\"https:\/\/tennisoneclub.com\/wp-content\/uploads\/forus-viimsi.webp 674w, https:\/\/tennisoneclub.com\/wp-content\/uploads\/forus-viimsi-300x149.webp 300w, https:\/\/tennisoneclub.com\/wp-content\/uploads\/forus-viimsi-18x9.webp 18w\" sizes=\"(max-width: 674px) 100vw, 674px\" \/>\t\t\t\t\t\t\t\t\t\t\t\t\t\t\t<\/div>\n\t\t\t\t<\/div>\n\t\t<div class=\"elementor-element elementor-element-cee7e8a e-con-full e-flex e-con e-child\" data-id=\"cee7e8a\" data-element_type=\"container\">\n\t\t\t\t<div class=\"elementor-element elementor-element-9f50892 elementor-widget elementor-widget-heading\" data-id=\"9f50892\" data-element_type=\"widget\" data-widget_type=\"heading.default\">\n\t\t\t\t\t<h2 class=\"elementor-heading-title elementor-size-default\">Forus Sports Centre Viimsi<\/h2>\t\t\t\t<\/div>\n\t\t\t\t<div class=\"elementor-element elementor-element-16f4748 elementor-widget elementor-widget-heading\" data-id=\"16f4748\" data-element_type=\"widget\" data-widget_type=\"heading.default\">\n\t\t\t\t\t<p class=\"elementor-heading-title elementor-size-default\">Karulaugu tee 13, 74001, Viimsi municipality<\/p>\t\t\t\t<\/div>\n\t\t\t\t<div class=\"elementor-element elementor-element-5bb787a elementor-widget elementor-widget-heading\" data-id=\"5bb787a\" data-element_type=\"widget\" data-widget_type=\"heading.default\">\n\t\t\t\t\t<p class=\"elementor-heading-title elementor-size-default\">+372 5199 8969<\/p>\t\t\t\t<\/div>\n\t\t\t\t<div class=\"elementor-element elementor-element-df01412 tennis-button elementor-widget elementor-widget-button\" data-id=\"df01412\" data-element_type=\"widget\" data-widget_type=\"button.default\">\n\t\t\t\t\t\t\t\t\t\t<a class=\"elementor-button elementor-button-link elementor-size-sm\" href=\"https:\/\/goldenclub.ee\/asukoht\/viimsi\/\" target=\"_blank\">\n\t\t\t\t\t\t<span class=\"elementor-button-content-wrapper\">\n\t\t\t\t\t\t<span class=\"elementor-button-icon\">\n\t\t\t\t<svg xmlns=\"http:\/\/www.w3.org\/2000\/svg\" class=\"arrow-svg\" width=\"20\" height=\"10\" viewbox=\"0 0 20 10\" fill=\"none\"><path class=\"arrow-head\" d=\"M15 1L19 5M19 5L15 9\" stroke=\"white\" stroke-width=\"2\" stroke-linecap=\"round\" stroke-linejoin=\"round\"><\/path><path class=\"arrow-tail\" d=\"M19 5L1 5\" stroke=\"white\" stroke-width=\"2\" stroke-linecap=\"round\" stroke-linejoin=\"round\"><\/path><\/svg>\t\t\t<\/span>\n\t\t\t\t\t\t\t\t\t<span class=\"elementor-button-text\">Read more<\/span>\n\t\t\t\t\t<\/span>\n\t\t\t\t\t<\/a>\n\t\t\t\t\t\t\t\t<\/div>\n\t\t\t\t<\/div>\n\t\t\t\t<\/div>\n\t\t<div class=\"elementor-element elementor-element-49393e2 e-con-full e-flex e-con e-child\" data-id=\"49393e2\" data-element_type=\"container\">\n\t\t<div class=\"elementor-element elementor-element-37e57eb e-con-full e-flex e-con e-child\" data-id=\"37e57eb\" data-element_type=\"container\">\n\t\t\t\t<div class=\"elementor-element elementor-element-2091feb elementor-widget elementor-widget-heading\" data-id=\"2091feb\" data-element_type=\"widget\" data-widget_type=\"heading.default\">\n\t\t\t\t\t<h2 class=\"elementor-heading-title elementor-size-default\">Audentes Tennis Hall<\/h2>\t\t\t\t<\/div>\n\t\t\t\t<div class=\"elementor-element elementor-element-02c7562 elementor-widget elementor-widget-heading\" data-id=\"02c7562\" data-element_type=\"widget\" data-widget_type=\"heading.default\">\n\t\t\t\t\t<p class=\"elementor-heading-title elementor-size-default\">Tondi 84\/6, 11316 Tallinn<\/p>\t\t\t\t<\/div>\n\t\t\t\t<div class=\"elementor-element elementor-element-6795d22 tennis-button elementor-widget elementor-widget-button\" data-id=\"6795d22\" data-element_type=\"widget\" data-widget_type=\"button.default\">\n\t\t\t\t\t\t\t\t\t\t<a class=\"elementor-button elementor-button-link elementor-size-sm\" href=\"https:\/\/goldenclub.ee\/asukoht\/audentese-hall\/\" target=\"_blank\">\n\t\t\t\t\t\t<span class=\"elementor-button-content-wrapper\">\n\t\t\t\t\t\t<span class=\"elementor-button-icon\">\n\t\t\t\t<svg xmlns=\"http:\/\/www.w3.org\/2000\/svg\" class=\"arrow-svg\" width=\"20\" height=\"10\" viewbox=\"0 0 20 10\" fill=\"none\"><path class=\"arrow-head\" d=\"M15 1L19 5M19 5L15 9\" stroke=\"white\" stroke-width=\"2\" stroke-linecap=\"round\" stroke-linejoin=\"round\"><\/path><path class=\"arrow-tail\" d=\"M19 5L1 5\" stroke=\"white\" stroke-width=\"2\" stroke-linecap=\"round\" stroke-linejoin=\"round\"><\/path><\/svg>\t\t\t<\/span>\n\t\t\t\t\t\t\t\t\t<span class=\"elementor-button-text\">Read more<\/span>\n\t\t\t\t\t<\/span>\n\t\t\t\t\t<\/a>\n\t\t\t\t\t\t\t\t<\/div>\n\t\t\t\t<\/div>\n\t\t<div class=\"elementor-element elementor-element-e0a341e e-con-full e-flex e-con e-child\" data-id=\"e0a341e\" data-element_type=\"container\">\n\t\t\t\t<div class=\"elementor-element elementor-element-ed5084d elementor-widget elementor-widget-image\" data-id=\"ed5084d\" data-element_type=\"widget\" data-widget_type=\"image.default\">\n\t\t\t\t\t\t\t\t\t\t\t\t\t\t\t<img fetchpriority=\"high\" decoding=\"async\" width=\"674\" height=\"334\" src=\"https:\/\/tennisoneclub.com\/wp-content\/uploads\/forus-tondi.webp\" class=\"attachment-full size-full wp-image-261\" alt=\"\" srcset=\"https:\/\/tennisoneclub.com\/wp-content\/uploads\/forus-tondi.webp 674w, https:\/\/tennisoneclub.com\/wp-content\/uploads\/forus-tondi-300x149.webp 300w, https:\/\/tennisoneclub.com\/wp-content\/uploads\/forus-tondi-18x9.webp 18w\" sizes=\"(max-width: 674px) 100vw, 674px\" \/>\t\t\t\t\t\t\t\t\t\t\t\t\t\t\t<\/div>\n\t\t\t\t<\/div>\n\t\t\t\t<\/div>\n\t\t\t\t\t<\/div>\n\t\t\t\t<\/div>\n\t\t\t\t<\/div>","protected":false},"excerpt":{"rendered":"<p>Asukohad Forus Spordikeskus Tondi S\u00f5jakooli 10, 11316 Tallinn +372 608 8800 Loen l\u00e4hemalt Forus Spordikeskus Viimsi Karulaugu tee 13, 74001, Viimsi vald +372 5199 8969 Loen l\u00e4hemalt Audentese Tennisehall Tondi 84\/6, 11316 Tallinn Loen l\u00e4hemalt<\/p>","protected":false},"author":1,"featured_media":24,"parent":0,"menu_order":0,"comment_status":"closed","ping_status":"closed","template":"","meta":{"footnotes":""},"class_list":["post-87","page","type-page","status-publish","has-post-thumbnail","hentry"],"_links":{"self":[{"href":"https:\/\/tennisoneclub.com\/en\/wp-json\/wp\/v2\/pages\/87","targetHints":{"allow":["GET"]}}],"collection":[{"href":"https:\/\/tennisoneclub.com\/en\/wp-json\/wp\/v2\/pages"}],"about":[{"href":"https:\/\/tennisoneclub.com\/en\/wp-json\/wp\/v2\/types\/page"}],"author":[{"embeddable":true,"href":"https:\/\/tennisoneclub.com\/en\/wp-json\/wp\/v2\/users\/1"}],"replies":[{"embeddable":true,"href":"https:\/\/tennisoneclub.com\/en\/wp-json\/wp\/v2\/comments?post=87"}],"version-history":[{"count":35,"href":"https:\/\/tennisoneclub.com\/en\/wp-json\/wp\/v2\/pages\/87\/revisions"}],"predecessor-version":[{"id":1000,"href":"https:\/\/tennisoneclub.com\/en\/wp-json\/wp\/v2\/pages\/87\/revisions\/1000"}],"wp:featuredmedia":[{"embeddable":true,"href":"https:\/\/tennisoneclub.com\/en\/wp-json\/wp\/v2\/media\/24"}],"wp:attachment":[{"href":"https:\/\/tennisoneclub.com\/en\/wp-json\/wp\/v2\/media?parent=87"}],"curies":[{"name":"wp","href":"https:\/\/api.w.org\/{rel}","templated":true}]}}